{"id":77,"date":"2026-01-02T15:43:01","date_gmt":"2026-01-02T15:43:01","guid":{"rendered":"https:\/\/zenkophotostudio.com\/?page_id=77"},"modified":"2026-01-05T14:31:06","modified_gmt":"2026-01-05T14:31:06","slug":"video","status":"publish","type":"page","link":"https:\/\/zenkophotostudio.com\/?page_id=77","title":{"rendered":"Video"},"content":{"rendered":"\t\t<div data-elementor-type=\"wp-page\" data-elementor-id=\"77\" class=\"elementor elementor-77\" data-elementor-post-type=\"page\">\n\t\t\t\t<div class=\"elementor-element elementor-element-fd2c8f9 e-con-full e-flex e-con e-parent\" data-id=\"fd2c8f9\" data-element_type=\"container\">\n\t\t<div class=\"elementor-element elementor-element-01da621 e-con-full e-flex e-con e-child\" data-id=\"01da621\" data-element_type=\"container\">\n\t\t\t\t<\/div>\n\t\t<div class=\"elementor-element elementor-element-d86e0ba e-con-full e-flex e-con e-child\" data-id=\"d86e0ba\" data-element_type=\"container\">\n\t\t\t\t<div class=\"elementor-element elementor-element-512d6f9 elementor-widget__width-initial elementor-widget elementor-widget-heading\" data-id=\"512d6f9\" data-element_type=\"widget\" data-widget_type=\"heading.default\">\n\t\t\t\t<div class=\"elementor-widget-container\">\n\t\t\t\t\t<h6 class=\"elementor-heading-title elementor-size-default\">Our films are created from closeness and naturalness. We accompany without interfering, using all the resources available to capture what truly happens.\nWe look for those angles and moments that turn what\u2019s lived into an epic, spontaneous and honest memory. From the pre-wedding session to the most free moment on the dance floor, we build a narrative shaped by each couple\u2019s personality and our documentary signature.<\/h6>\t\t\t\t<\/div>\n\t\t\t\t<\/div>\n\t\t\t\t<\/div>\n\t\t\t\t<\/div>\n\t\t<div class=\"elementor-element elementor-element-d8d27f1 e-con-full e-flex e-con e-parent\" data-id=\"d8d27f1\" data-element_type=\"container\">\n\t\t<div class=\"elementor-element elementor-element-2644e73 e-con-full e-flex e-con e-child\" data-id=\"2644e73\" data-element_type=\"container\">\n\t\t\t\t<\/div>\n\t\t<div class=\"elementor-element elementor-element-c02d2a1 e-con-full e-flex e-con e-child\" data-id=\"c02d2a1\" data-element_type=\"container\">\n\t\t\t\t<div class=\"elementor-element elementor-element-70307a2 elementor-widget elementor-widget-video\" data-id=\"70307a2\" data-element_type=\"widget\" data-settings=\"{&quot;youtube_url&quot;:&quot;https:\\\/\\\/youtu.be\\\/jHSJnGS4xGE&quot;,&quot;start&quot;:0,&quot;end&quot;:300,&quot;video_type&quot;:&quot;youtube&quot;,&quot;controls&quot;:&quot;yes&quot;}\" data-widget_type=\"video.default\">\n\t\t\t\t<div class=\"elementor-widget-container\">\n\t\t\t\t\t\t\t<div class=\"elementor-wrapper elementor-open-inline\">\n\t\t\t<div class=\"elementor-video\"><\/div>\t\t<\/div>\n\t\t\t\t\t\t<\/div>\n\t\t\t\t<\/div>\n\t\t\t\t<\/div>\n\t\t<div class=\"elementor-element elementor-element-5f408ad e-con-full e-flex e-con e-child\" data-id=\"5f408ad\" data-element_type=\"container\">\n\t\t\t\t<\/div>\n\t\t\t\t<div class=\"elementor-element elementor-element-c10e60b elementor-widget elementor-widget-heading\" data-id=\"c10e60b\" data-element_type=\"widget\" data-widget_type=\"heading.default\">\n\t\t\t\t<div class=\"elementor-widget-container\">\n\t\t\t\t\t<h6 class=\"elementor-heading-title elementor-size-default\"><br>The moment of the party.\nWhen energy explodes like a supernova that, instead of expanding, collapses inward.\nEverything vibrates. Everyone jumps.\nThey lived it in a truly epic way.\nAnd there are things \u2014 like that vibration \u2014 that can\u2019t be explained with words.\nC + J<\/h6>\t\t\t\t<\/div>\n\t\t\t\t<\/div>\n\t\t\t\t<\/div>\n\t\t<div class=\"elementor-element elementor-element-991605f e-con-full e-flex e-con e-parent\" data-id=\"991605f\" data-element_type=\"container\">\n\t\t<div class=\"elementor-element elementor-element-591a04c e-con-full e-flex e-con e-child\" data-id=\"591a04c\" data-element_type=\"container\">\n\t\t\t\t<\/div>\n\t\t<div class=\"elementor-element elementor-element-bd3b810 e-con-full e-flex e-con e-child\" data-id=\"bd3b810\" data-element_type=\"container\">\n\t\t\t\t<div class=\"elementor-element elementor-element-e50269d elementor-widget elementor-widget-video\" data-id=\"e50269d\" data-element_type=\"widget\" data-settings=\"{&quot;youtube_url&quot;:&quot;https:\\\/\\\/youtu.be\\\/_7gAJTVA0PE&quot;,&quot;start&quot;:0,&quot;end&quot;:300,&quot;video_type&quot;:&quot;youtube&quot;,&quot;controls&quot;:&quot;yes&quot;}\" data-widget_type=\"video.default\">\n\t\t\t\t<div class=\"elementor-widget-container\">\n\t\t\t\t\t\t\t<div class=\"elementor-wrapper elementor-open-inline\">\n\t\t\t<div class=\"elementor-video\"><\/div>\t\t<\/div>\n\t\t\t\t\t\t<\/div>\n\t\t\t\t<\/div>\n\t\t\t\t<\/div>\n\t\t<div class=\"elementor-element elementor-element-61927c6 e-con-full e-flex e-con e-child\" data-id=\"61927c6\" data-element_type=\"container\">\n\t\t\t\t<\/div>\n\t\t\t\t<div class=\"elementor-element elementor-element-02c7c1e elementor-widget elementor-widget-heading\" data-id=\"02c7c1e\" data-element_type=\"widget\" data-widget_type=\"heading.default\">\n\t\t\t\t<div class=\"elementor-widget-container\">\n\t\t\t\t\t<h6 class=\"elementor-heading-title elementor-size-default\"><br>Patricia e Tom\u00e1s.\nUm casal que atravessa o ecr\u00e3. Sa\u00eddos de um filme de Godard, viver esta experi\u00eancia foi algo profundamente anal\u00f3gico \u2014 daquelas que se sentem na pele. Como se tivessem a capacidade de ser o centro de gravidade e, ao mesmo tempo, de partilhar essa energia com todos os que tiveram o privil\u00e9gio de a presenciar.<\/h6>\t\t\t\t<\/div>\n\t\t\t\t<\/div>\n\t\t\t\t<\/div>\n\t\t<div class=\"elementor-element elementor-element-30e81f7 e-con-full e-flex e-con e-parent\" data-id=\"30e81f7\" data-element_type=\"container\">\n\t\t<div class=\"elementor-element elementor-element-c33c27f e-con-full e-flex e-con e-child\" data-id=\"c33c27f\" data-element_type=\"container\">\n\t\t\t\t<\/div>\n\t\t<div class=\"elementor-element elementor-element-4a4bd76 e-con-full e-flex e-con e-child\" data-id=\"4a4bd76\" data-element_type=\"container\">\n\t\t\t\t<div class=\"elementor-element elementor-element-86c41dc elementor-widget elementor-widget-video\" data-id=\"86c41dc\" data-element_type=\"widget\" data-settings=\"{&quot;youtube_url&quot;:&quot;https:\\\/\\\/youtu.be\\\/4VGUghUJQnc&quot;,&quot;start&quot;:0,&quot;end&quot;:300,&quot;video_type&quot;:&quot;youtube&quot;,&quot;controls&quot;:&quot;yes&quot;}\" data-widget_type=\"video.default\">\n\t\t\t\t<div class=\"elementor-widget-container\">\n\t\t\t\t\t\t\t<div class=\"elementor-wrapper elementor-open-inline\">\n\t\t\t<div class=\"elementor-video\"><\/div>\t\t<\/div>\n\t\t\t\t\t\t<\/div>\n\t\t\t\t<\/div>\n\t\t\t\t<\/div>\n\t\t<div class=\"elementor-element elementor-element-2edd865 e-con-full e-flex e-con e-child\" data-id=\"2edd865\" data-element_type=\"container\">\n\t\t\t\t<\/div>\n\t\t\t\t<div class=\"elementor-element elementor-element-03dc8d8 elementor-widget elementor-widget-heading\" data-id=\"03dc8d8\" data-element_type=\"widget\" data-widget_type=\"heading.default\">\n\t\t\t\t<div class=\"elementor-widget-container\">\n\t\t\t\t\t<h6 class=\"elementor-heading-title elementor-size-default\"><br>A visual summary of 2025.\nThank you to all the couples for your trust.\nIt has been a pleasure to walk alongside you and film a small part of your adventure through life.<\/h6>\t\t\t\t<\/div>\n\t\t\t\t<\/div>\n\t\t\t\t<\/div>\n\t\t<div class=\"elementor-element elementor-element-198372b e-con-full e-flex e-con e-parent\" data-id=\"198372b\" data-element_type=\"container\">\n\t\t<div class=\"elementor-element elementor-element-3926792 e-con-full e-flex e-con e-child\" data-id=\"3926792\" data-element_type=\"container\">\n\t\t\t\t<\/div>\n\t\t<div class=\"elementor-element elementor-element-1801bdf e-con-full e-flex e-con e-child\" data-id=\"1801bdf\" data-element_type=\"container\">\n\t\t\t\t<div class=\"elementor-element elementor-element-7ac2adf elementor-widget elementor-widget-video\" data-id=\"7ac2adf\" data-element_type=\"widget\" data-settings=\"{&quot;youtube_url&quot;:&quot;https:\\\/\\\/youtu.be\\\/Nv-z0AsvHYQ&quot;,&quot;start&quot;:0,&quot;end&quot;:300,&quot;video_type&quot;:&quot;youtube&quot;,&quot;controls&quot;:&quot;yes&quot;}\" data-widget_type=\"video.default\">\n\t\t\t\t<div class=\"elementor-widget-container\">\n\t\t\t\t\t\t\t<div class=\"elementor-wrapper elementor-open-inline\">\n\t\t\t<div class=\"elementor-video\"><\/div>\t\t<\/div>\n\t\t\t\t\t\t<\/div>\n\t\t\t\t<\/div>\n\t\t\t\t<\/div>\n\t\t<div class=\"elementor-element elementor-element-6418968 e-con-full e-flex e-con e-child\" data-id=\"6418968\" data-element_type=\"container\">\n\t\t\t\t<\/div>\n\t\t\t\t<div class=\"elementor-element elementor-element-ecb50ff elementor-widget elementor-widget-heading\" data-id=\"ecb50ff\" data-element_type=\"widget\" data-widget_type=\"heading.default\">\n\t\t\t\t<div class=\"elementor-widget-container\">\n\t\t\t\t\t<h6 class=\"elementor-heading-title elementor-size-default\">Pre-wedding sessions are where we prepare, get to know each other and play.\nIt\u2019s your moment.\nImagination has no limits \u2014 it\u2019s where the ice is broken and everything begins.<\/h6>\t\t\t\t<\/div>\n\t\t\t\t<\/div>\n\t\t\t\t<\/div>\n\t\t\t\t<\/div>\n\t\t","protected":false},"excerpt":{"rendered":"<p>Our films are created from closeness and naturalness. We accompany without interfering, using all the resources available to capture what truly happens. We look for those angles and moments that turn what\u2019s lived into an epic, spontaneous and honest memory. From the pre-wedding session to the most free moment on the dance floor, we build [&hellip;]<\/p>\n","protected":false},"author":1,"featured_media":0,"parent":0,"menu_order":0,"comment_status":"closed","ping_status":"closed","template":"","meta":{"footnotes":""},"class_list":["post-77","page","type-page","status-publish","hentry"],"_links":{"self":[{"href":"https:\/\/zenkophotostudio.com\/index.php?rest_route=\/wp\/v2\/pages\/77","targetHints":{"allow":["GET"]}}],"collection":[{"href":"https:\/\/zenkophotostudio.com\/index.php?rest_route=\/wp\/v2\/pages"}],"about":[{"href":"https:\/\/zenkophotostudio.com\/index.php?rest_route=\/wp\/v2\/types\/page"}],"author":[{"embeddable":true,"href":"https:\/\/zenkophotostudio.com\/index.php?rest_route=\/wp\/v2\/users\/1"}],"replies":[{"embeddable":true,"href":"https:\/\/zenkophotostudio.com\/index.php?rest_route=%2Fwp%2Fv2%2Fcomments&post=77"}],"version-history":[{"count":5,"href":"https:\/\/zenkophotostudio.com\/index.php?rest_route=\/wp\/v2\/pages\/77\/revisions"}],"predecessor-version":[{"id":673,"href":"https:\/\/zenkophotostudio.com\/index.php?rest_route=\/wp\/v2\/pages\/77\/revisions\/673"}],"wp:attachment":[{"href":"https:\/\/zenkophotostudio.com\/index.php?rest_route=%2Fwp%2Fv2%2Fmedia&parent=77"}],"curies":[{"name":"wp","href":"https:\/\/api.w.org\/{rel}","templated":true}]}}